{"id":283,"date":"2017-08-19T03:26:04","date_gmt":"2017-08-19T03:26:04","guid":{"rendered":"http:\/\/nyrenacer.org\/esp\/?page_id=283"},"modified":"2017-08-19T03:26:04","modified_gmt":"2017-08-19T03:26:04","slug":"crecer","status":"publish","type":"page","link":"https:\/\/nyrenacer.org\/esp\/crecer\/","title":{"rendered":"Crecer"},"content":{"rendered":"<div id=\"mp_stack_19\" class=\"mp-stack\"><div id=\"mp-brick-284\" mp-stack-id=\"19\" class=\" mp-brick-parallax mp_brick mp-brick\"  mp_brick_parallax_bg_speed=\"0.71\"  mp_brick_parallax_bg_offset=\"0\"  mp_brick_parallax_bg_speed=\"0.71\"  mp_brick_parallax_c1_speed=\"1\"  mp_brick_parallax_c2_speed=\"1\"  mp_brick_parallax_c1_offset=\"0\"  mp_brick_parallax_c2_offset=\"0\" ><a class=\"brick-anchor\" mp_stacks_brick_target=\"planear_brick_1\"><\/a><div class=\"mp-brick-meta\"><\/div><div class=\"mp-brick-bg\" ><div class=\"mp-brick-bg-inner\"><\/div><\/div><div class=\"mp-brick-outer\" ><div class=\"mp-brick-inner\"><div class=\"mp-brick-content-types\"><div class=\"mp-brick-content-types-inner\"><div id=\"mp-brick-284-first-content-type-container\" class=\"mp-brick-content-type-container mp-brick-centered mp-stacks-content-type-none\"><div id=\"mp-brick-284-first-content-type\" class=\"mp-brick-first-content-type\" style=\"display:block;\"><\/div><\/div><div id=\"mp-brick-284-second-content-type-container\" class=\"mp-brick-content-type-container mp-brick-centered mp-stacks-content-type-none\"><div id=\"mp-brick-284-second-content-type\" class=\"mp-brick-second-content-type\" style=\"display:block;\"><\/div><\/div><\/div><\/div><\/div><\/div><\/div><div id=\"mp-brick-285\" mp-stack-id=\"19\" class=\" mp_brick mp-brick\" ><a class=\"brick-anchor\" mp_stacks_brick_target=\"connect_brick-5\"><\/a><div class=\"mp-brick-meta\"><\/div><div class=\"mp-brick-bg\" ><div class=\"mp-brick-bg-inner\"><\/div><\/div><div class=\"mp-brick-outer\" ><div class=\"mp-brick-inner\"><div class=\"mp-brick-content-types\"><div class=\"mp-brick-content-types-inner\"><div id=\"mp-brick-285-first-content-type-container\" class=\"mp-brick-content-type-container mp-brick-centered mp-stacks-content-type-singletext\"><div id=\"mp-brick-285-first-content-type\" class=\"mp-brick-first-content-type\" ><div class=\"mp-stacks-text-area mp-stacks-text-area-1\"><div class=\"mp-brick-text\"><p>CRECER<\/p>\n<\/div><\/div><\/div><\/div><div id=\"mp-brick-285-second-content-type-container\" class=\"mp-brick-content-type-container mp-brick-centered mp-stacks-content-type-none\"><div id=\"mp-brick-285-second-content-type\" class=\"mp-brick-second-content-type\" style=\"display:block;\"><\/div><\/div><\/div><\/div><\/div><\/div><\/div><div id=\"mp-brick-286\" mp-stack-id=\"19\" class=\" mp_brick mp-brick\" ><a class=\"brick-anchor\" mp_stacks_brick_target=\"connect_brick-6\"><\/a><div class=\"mp-brick-meta\"><\/div><div class=\"mp-brick-bg\" ><div class=\"mp-brick-bg-inner\"><\/div><\/div><div class=\"mp-brick-outer\" ><div class=\"mp-brick-inner\"><div class=\"mp-brick-content-types\"><div class=\"mp-brick-content-types-inner\"><div id=\"mp-brick-286-first-content-type-container\" class=\"mp-brick-content-type-container  mp-stacks-content-type-singletext\"><div id=\"mp-brick-286-first-content-type\" class=\"mp-brick-first-content-type\" ><div class=\"mp-stacks-text-area mp-stacks-text-area-1\"><div class=\"mp-brick-text\"><p>Cuando tenemos una relaci\u00f3n personal con Dios; el crecimiento en cada \u00e1rea de nuestra vida es natural. Cuanto m\u00e1s nos acercamos a Jes\u00fas, m\u00e1s nos parecemos a \u00c9l. Podemos alcanzar un cambio genuino. Este es un proceso que dura toda nuestra vida mientras crecemos en fe, amor, madurez y conocimiento.<\/p>\n<p>El servicio a Dios nos ayuda a crecer. Motivamos a cada miembro de la iglesia a ser un fiel y maduro siervo en el Reino de Dios lleno de pasi\u00f3n por la Obra. El primer paso en Centro Cristiano Renacer es empezar nuestro <strong>Proceso de Formaci\u00f3n<\/strong> asistiendo a un Encuentro; y as\u00ed continuar con la <strong>Escuela B\u00edblica de Servidores<\/strong>.<\/p>\n<p>A trav\u00e9s del <strong>Proceso de Formaci\u00f3n<\/strong> y las clases b\u00edblicas, cada hijo de Dios experimentar\u00e1 transformaci\u00f3n, desarrollar\u00e1 su potencial y cumplir\u00e1 el llamado de Dios en su vida. Tambi\u00e9n, estamos constantemente retando a las personas a usar los dones y talentos que el Se\u00f1or les ha dado y les motivamos a participar de los talleres preparados por el <strong>Ministerio Prof\u00e9tico<\/strong> and\u00a0<strong>Academia Musical<\/strong>.<\/p>\n<\/div><\/div><\/div><\/div><div id=\"mp-brick-286-second-content-type-container\" class=\"mp-brick-content-type-container  mp-stacks-content-type-\"><div id=\"mp-brick-286-second-content-type\" class=\"mp-brick-second-content-type\" style=\"display:block;\"><\/div><\/div><\/div><\/div><\/div><\/div><\/div><div id=\"mp-brick-288\" mp-stack-id=\"19\" class=\" mp_brick mp-brick\" ><a class=\"brick-anchor\" mp_stacks_brick_target=\"\"><\/a><div class=\"mp-brick-meta\"><\/div><div class=\"mp-brick-bg\" ><div class=\"mp-brick-bg-inner\"><\/div><\/div><div class=\"mp-brick-outer\" ><div class=\"mp-brick-inner\"><div class=\"mp-brick-content-types\"><div class=\"mp-brick-content-types-inner\"><div id=\"mp-brick-288-first-content-type-container\" class=\"mp-brick-content-type-container mp-brick-centered mp-stacks-content-type-widgets\"><div id=\"mp-brick-288-first-content-type\" class=\"mp-brick-first-content-type\" ><div class=\"mp-stacks-widgets\"><div class=\"mp-stacks-widgets-item-clearedfix\"><\/div><\/div><\/div><\/div><div id=\"mp-brick-288-second-content-type-container\" class=\"mp-brick-content-type-container mp-brick-centered mp-stacks-content-type-\"><div id=\"mp-brick-288-second-content-type\" class=\"mp-brick-second-content-type\" style=\"display:block;\"><\/div><\/div><\/div><\/div><\/div><\/div><\/div><\/div>\n","protected":false},"excerpt":{"rendered":"","protected":false},"author":1,"featured_media":0,"parent":0,"menu_order":0,"comment_status":"closed","ping_status":"closed","template":"","meta":{"footnotes":""},"class_list":["post-283","page","type-page","status-publish",""],"_links":{"self":[{"href":"https:\/\/nyrenacer.org\/esp\/wp-json\/wp\/v2\/pages\/283","targetHints":{"allow":["GET"]}}],"collection":[{"href":"https:\/\/nyrenacer.org\/esp\/wp-json\/wp\/v2\/pages"}],"about":[{"href":"https:\/\/nyrenacer.org\/esp\/wp-json\/wp\/v2\/types\/page"}],"author":[{"embeddable":true,"href":"https:\/\/nyrenacer.org\/esp\/wp-json\/wp\/v2\/users\/1"}],"replies":[{"embeddable":true,"href":"https:\/\/nyrenacer.org\/esp\/wp-json\/wp\/v2\/comments?post=283"}],"version-history":[{"count":1,"href":"https:\/\/nyrenacer.org\/esp\/wp-json\/wp\/v2\/pages\/283\/revisions"}],"predecessor-version":[{"id":287,"href":"https:\/\/nyrenacer.org\/esp\/wp-json\/wp\/v2\/pages\/283\/revisions\/287"}],"wp:attachment":[{"href":"https:\/\/nyrenacer.org\/esp\/wp-json\/wp\/v2\/media?parent=283"}],"curies":[{"name":"wp","href":"https:\/\/api.w.org\/{rel}","templated":true}]}}